{"id":9139,"date":"2020-11-09T19:54:00","date_gmt":"2020-11-09T18:54:00","guid":{"rendered":"http:\/\/dm-tec.eu\/?page_id=9139"},"modified":"2020-11-17T00:26:28","modified_gmt":"2020-11-16T23:26:28","slug":"consultancy","status":"publish","type":"page","link":"https:\/\/dm-tec.eu\/de\/consultancy\/","title":{"rendered":"Beratung"},"content":{"rendered":"<p>[et_pb_section fb_built=&#8221;1&#8243; fullwidth=&#8221;on&#8221; admin_label=&#8221;Hero&#8221; _builder_version=&#8221;4.6.6&#8243; background_image=&#8221;http:\/\/dm-tec.eu\/wp-content\/uploads\/2020\/11\/Germany-ImageBla.jpg&#8221; parallax=&#8221;on&#8221;][et_pb_fullwidth_header title=&#8221;Consultancy Service&#8221; content_max_width=&#8221;700px&#8221; _builder_version=&#8221;4.6.6&#8243; title_font=&#8221;Poppins|700|||||||&#8221; title_text_align=&#8221;center&#8221; title_font_size=&#8221;70px&#8221; title_line_height=&#8221;1.5em&#8221; content_font=&#8221;||||||||&#8221; content_font_size=&#8221;20px&#8221; content_line_height=&#8221;1.8em&#8221; subhead_font=&#8221;Lato|700|||||||&#8221; subhead_font_size=&#8221;30px&#8221; subhead_line_height=&#8221;1.8em&#8221; background_color=&#8221;rgba(0,0,0,0)&#8221; use_background_color_gradient=&#8221;on&#8221; background_color_gradient_start=&#8221;rgba(53,80,160,0.27)&#8221; background_color_gradient_end=&#8221;#3550a0&#8243; background_color_gradient_direction=&#8221;220deg&#8221; background_color_gradient_overlays_image=&#8221;on&#8221; custom_button_one=&#8221;on&#8221; button_one_text_size=&#8221;16px&#8221; button_one_text_color=&#8221;#3550a0&#8243; button_one_bg_color=&#8221;#ffffff&#8221; button_one_border_width=&#8221;10px&#8221; button_one_border_color=&#8221;rgba(210,159,104,0)&#8221; button_one_border_radius=&#8221;100px&#8221; button_one_font=&#8221;Lato|900|||||||&#8221; button_one_use_icon=&#8221;off&#8221; custom_button_two=&#8221;on&#8221; button_two_text_size=&#8221;16px&#8221; button_two_text_color=&#8221;#ffffff&#8221; button_two_bg_color=&#8221;#e09900&#8243; button_two_border_width=&#8221;10px&#8221; button_two_border_color=&#8221;rgba(210,159,104,0)&#8221; button_two_border_radius=&#8221;100px&#8221; button_two_font=&#8221;Lato|900|||||||&#8221; button_two_use_icon=&#8221;off&#8221; custom_margin=&#8221;||64px|||&#8221; custom_padding=&#8221;10vw||10vw||false&#8221; custom_padding_tablet=&#8221;20vw||20vw||true&#8221; custom_padding_phone=&#8221;20vw||20vw||true&#8221; custom_padding_last_edited=&#8221;on|desktop&#8221; title_font_size_tablet=&#8221;50px&#8221; title_font_size_phone=&#8221;32px&#8221; title_font_size_last_edited=&#8221;on|desktop&#8221; button_one_text_color_hover=&#8221;#3550a0&#8243; button_two_text_color_hover=&#8221;#ffffff&#8221; button_one_bg_color_hover=&#8221;rgba(255,255,255,0.8)&#8221; button_two_bg_color_hover=&#8221;rgba(255,255,255,0.3)&#8221; button_one_text_size__hover_enabled=&#8221;off&#8221; button_two_text_size__hover_enabled=&#8221;off&#8221; button_one_text_color__hover_enabled=&#8221;on&#8221; button_one_text_color__hover=&#8221;#3550a0&#8243; button_two_text_color__hover_enabled=&#8221;on&#8221; button_two_text_color__hover=&#8221;#ffffff&#8221; button_one_border_width__hover_enabled=&#8221;off&#8221; button_two_border_width__hover_enabled=&#8221;off&#8221; button_one_border_color__hover_enabled=&#8221;off&#8221; button_two_border_color__hover_enabled=&#8221;off&#8221; button_one_border_radius__hover_enabled=&#8221;off&#8221; button_two_border_radius__hover_enabled=&#8221;off&#8221; button_one_letter_spacing__hover_enabled=&#8221;off&#8221; button_two_letter_spacing__hover_enabled=&#8221;off&#8221; button_one_bg_color__hover_enabled=&#8221;on&#8221; button_one_bg_color__hover=&#8221;rgba(255,255,255,0.8)&#8221; button_two_bg_color__hover_enabled=&#8221;on&#8221; button_two_bg_color__hover=&#8221;rgba(255,255,255,0.3)&#8221;][\/et_pb_fullwidth_header][\/et_pb_section][et_pb_section fb_built=&#8221;1&#8243; _builder_version=&#8221;4.6.6&#8243; _module_preset=&#8221;default&#8221; custom_padding=&#8221;27px||0px|||&#8221;][et_pb_row column_structure=&#8221;1_3,1_3,1_3&#8243; _builder_version=&#8221;4.6.6&#8243; _module_preset=&#8221;default&#8221;][et_pb_column type=&#8221;1_3&#8243; _builder_version=&#8221;4.6.6&#8243; _module_preset=&#8221;default&#8221;][et_pb_blurb title=&#8221;Protecting inventions&#8221; image=&#8221;http:\/\/dm-tec.eu\/wp-content\/uploads\/2020\/11\/Dm-Tec.jpg&#8221; alt=&#8221;DM-Tec&#8221; _builder_version=&#8221;4.6.6&#8243; _module_preset=&#8221;default&#8221; header_font=&#8221;Lato|700|||||||&#8221; header_text_align=&#8221;center&#8221; header_text_color=&#8221;#e09900&#8243; header_font_size=&#8221;20px&#8221; body_font=&#8221;Lato||on||||||&#8221; body_text_align=&#8221;center&#8221; body_text_color=&#8221;#000000&#8243; body_font_size=&#8221;24px&#8221; body_line_height=&#8221;1.1em&#8221; header_font_size_tablet=&#8221;18px&#8221; header_font_size_phone=&#8221;18px&#8221; header_font_size_last_edited=&#8221;on|tablet&#8221; body_font_size_tablet=&#8221;22px&#8221; body_font_size_phone=&#8221;&#8221; body_font_size_last_edited=&#8221;on|desktop&#8221;]<\/p>\n<p style=\"text-align: left;\">Haben Sie eine Erfindung oder eine Neuentwicklung, die Sie sch\u00fctzen m\u00f6chten? Wir k\u00f6nnen bestehende Patente analysieren, untersuchen und Sie dabei unterst\u00fctzen, Ihre Erfindung bei den zuverl\u00e4ssigsten Patentorganisationen zu sch\u00fctzen.<\/p>\n<p>[\/et_pb_blurb][\/et_pb_column][et_pb_column type=&#8221;1_3&#8243; _builder_version=&#8221;4.6.6&#8243; _module_preset=&#8221;default&#8221;][et_pb_blurb title=&#8221;Quality &#038; Project&#8221; image=&#8221;http:\/\/dm-tec.eu\/wp-content\/uploads\/2020\/11\/GermanyWebsite1.jpg&#8221; alt=&#8221;DM-Tec&#8221; _builder_version=&#8221;4.6.6&#8243; _module_preset=&#8221;default&#8221; header_font=&#8221;Lato|700|||||||&#8221; header_text_align=&#8221;center&#8221; header_text_color=&#8221;#e09900&#8243; header_font_size=&#8221;20px&#8221; body_font=&#8221;Lato||on||||||&#8221; body_text_align=&#8221;center&#8221; body_text_color=&#8221;#000000&#8243; body_font_size=&#8221;24px&#8221; body_line_height=&#8221;1.1em&#8221; hover_enabled=&#8221;0&#8243; header_font_size_tablet=&#8221;18px&#8221; header_font_size_phone=&#8221;18px&#8221; header_font_size_last_edited=&#8221;on|tablet&#8221; body_font_size_tablet=&#8221;22px&#8221; body_font_size_phone=&#8221;&#8221; body_font_size_last_edited=&#8221;on|desktop&#8221; sticky_enabled=&#8221;0&#8243;]<\/p>\n<p style=\"text-align: left;\">\u00a0<em>Unterst\u00fctzung beim Aufbau eines effektiven Projektmanagements bei der Entwicklung neuer Produkte, bei der Verbesserung der Margen, beim Erreichen spezifischer Gesch\u00e4ftsziele.<\/em> <em>objectives.<\/em><\/p>\n<p>[\/et_pb_blurb][\/et_pb_column][et_pb_column type=&#8221;1_3&#8243; _builder_version=&#8221;4.6.6&#8243; _module_preset=&#8221;default&#8221;][et_pb_blurb title=&#8221;Digital business models &#8221; image=&#8221;http:\/\/dm-tec.eu\/wp-content\/uploads\/2020\/11\/GermanyWebsite2.jpg&#8221; alt=&#8221;DM-Tec&#8221; _builder_version=&#8221;4.6.6&#8243; _module_preset=&#8221;default&#8221; header_font=&#8221;Lato|700|||||||&#8221; header_text_align=&#8221;center&#8221; header_text_color=&#8221;#e09900&#8243; header_font_size=&#8221;20px&#8221; body_font=&#8221;Lato||on||||||&#8221; body_text_align=&#8221;center&#8221; body_text_color=&#8221;#000000&#8243; body_font_size=&#8221;24px&#8221; body_line_height=&#8221;1.1em&#8221; header_font_size_tablet=&#8221;18px&#8221; header_font_size_phone=&#8221;18px&#8221; header_font_size_last_edited=&#8221;on|tablet&#8221; body_font_size_tablet=&#8221;22px&#8221; body_font_size_phone=&#8221;&#8221; body_font_size_last_edited=&#8221;on|desktop&#8221;]<\/p>\n<p style=\"text-align: left;\"><em>Etablierung digitaler Gesch\u00e4ftsmodelle (Industrie 4.0) f\u00fcr kleine Unternehmen\nKonzeption und Umsetzung digitaler Systeme in Ihrem Unternehmen oder bei Internet der Dinge, k\u00fcnstlicher Intelligenz, oder Entwicklung eines hochmodernen digitalen Gesch\u00e4ftsmodells, das kundenorientiert ist. Wir sind der richtige Partner, um Sie bei der Umsetzung Ihres Plans zu unterst\u00fctzen.<\/em><\/p>\n<p>[\/et_pb_blurb][\/et_pb_column][\/et_pb_row][et_pb_row column_structure=&#8221;1_3,1_3,1_3&#8243; _builder_version=&#8221;4.6.6&#8243; _module_preset=&#8221;default&#8221;][et_pb_column type=&#8221;1_3&#8243; _builder_version=&#8221;4.6.6&#8243; _module_preset=&#8221;default&#8221;][et_pb_blurb title=&#8221;Manufacturing Process&#8221; image=&#8221;http:\/\/dm-tec.eu\/wp-content\/uploads\/2020\/11\/GermanyWebsite3.jpg&#8221; alt=&#8221;DM-Tec&#8221; _builder_version=&#8221;4.6.6&#8243; _module_preset=&#8221;default&#8221; header_font=&#8221;Lato|700|||||||&#8221; header_text_align=&#8221;center&#8221; header_text_color=&#8221;#e09900&#8243; header_font_size=&#8221;20px&#8221; body_font=&#8221;Lato||on||||||&#8221; body_text_align=&#8221;center&#8221; body_text_color=&#8221;#000000&#8243; body_font_size=&#8221;24px&#8221; body_line_height=&#8221;1.1em&#8221; header_font_size_tablet=&#8221;18px&#8221; header_font_size_phone=&#8221;18px&#8221; header_font_size_last_edited=&#8221;on|tablet&#8221; body_font_size_tablet=&#8221;22px&#8221; body_font_size_phone=&#8221;&#8221; body_font_size_last_edited=&#8221;on|desktop&#8221;]<\/p>\n<p style=\"text-align: left;\"><em>Etablierung oder Verbesserung von Prozessen in Ihrem Unternehmen             Herstellungsprozess, Test- und Qualifizierungsprozesse.<\/em><\/p>\n<p>[\/et_pb_blurb][\/et_pb_column][et_pb_column type=&#8221;1_3&#8243; _builder_version=&#8221;4.6.6&#8243; _module_preset=&#8221;default&#8221;][et_pb_blurb title=&#8221; validating and qualifying  &#8221; image=&#8221;http:\/\/dm-tec.eu\/wp-content\/uploads\/2020\/11\/GermanyWebsite4.jpg&#8221; alt=&#8221;DM-Tec&#8221; _builder_version=&#8221;4.6.6&#8243; _module_preset=&#8221;default&#8221; header_font=&#8221;Lato|700|||||||&#8221; header_text_align=&#8221;center&#8221; header_text_color=&#8221;#e09900&#8243; header_font_size=&#8221;20px&#8221; body_font=&#8221;Lato||on||||||&#8221; body_text_align=&#8221;center&#8221; body_text_color=&#8221;#000000&#8243; body_font_size=&#8221;24px&#8221; body_line_height=&#8221;1.1em&#8221; header_font_size_tablet=&#8221;18px&#8221; header_font_size_phone=&#8221;18px&#8221; header_font_size_last_edited=&#8221;on|tablet&#8221; body_font_size_tablet=&#8221;22px&#8221; body_font_size_phone=&#8221;&#8221; body_font_size_last_edited=&#8221;on|desktop&#8221;]<\/p>\n<p style=\"text-align: left;\">Testen und Qualifizieren von Hardwarekomponenten f\u00fcr verschiedene   Anwendungen<\/p>\n<p>[\/et_pb_blurb][\/et_pb_column][et_pb_column type=&#8221;1_3&#8243; _builder_version=&#8221;4.6.6&#8243; _module_preset=&#8221;default&#8221;][et_pb_blurb title=&#8221;Test specifications&#8221; image=&#8221;http:\/\/dm-tec.eu\/wp-content\/uploads\/2020\/11\/GermanyWebsite5.jpg&#8221; alt=&#8221;DM-Tec&#8221; _builder_version=&#8221;4.6.6&#8243; _module_preset=&#8221;default&#8221; header_font=&#8221;Lato|700|||||||&#8221; header_text_align=&#8221;center&#8221; header_text_color=&#8221;#e09900&#8243; header_font_size=&#8221;20px&#8221; body_font=&#8221;Lato||on||||||&#8221; body_text_align=&#8221;center&#8221; body_text_color=&#8221;#000000&#8243; body_font_size=&#8221;24px&#8221; body_line_height=&#8221;1.1em&#8221; header_font_size_tablet=&#8221;18px&#8221; header_font_size_phone=&#8221;18px&#8221; header_font_size_last_edited=&#8221;on|tablet&#8221; body_font_size_tablet=&#8221;22px&#8221; body_font_size_phone=&#8221;&#8221; body_font_size_last_edited=&#8221;on|desktop&#8221;]<\/p>\n<p style=\"text-align: left;\"><em>Testen und Qualifizieren von Hardwarekomponenten f\u00fcr verschiedene   Anwendungen: Wir k\u00f6nnen f\u00fcr Sie Testspezifikationen schreiben, Tests nach Standardmethoden f\u00fcr Sie durchf\u00fchren und Sie bei der Validierung Ihres Produkts f\u00fcr den Markt unterst\u00fctzen<\/em><\/p>\n<p>[\/et_pb_blurb][\/et_pb_column][\/et_pb_row][\/et_pb_section][et_pb_section fb_built=&#8221;1&#8243; custom_padding_last_edited=&#8221;on|phone&#8221; _builder_version=&#8221;3.22&#8243; background_color=&#8221;#ffffff&#8221; custom_padding=&#8221;0px|0px|188px|0px||&#8221; custom_padding_tablet=&#8221;&#8221; custom_padding_phone=&#8221;||100px|&#8221; top_divider_color=&#8221;#f5f5f5&#8243; bottom_divider_style=&#8221;waves2&#8243; bottom_divider_color=&#8221;#1e5096&#8243; bottom_divider_height=&#8221;181px&#8221; bottom_divider_flip=&#8221;vertical&#8221; bottom_divider_height_tablet=&#8221;&#8221; bottom_divider_height_phone=&#8221;58px&#8221; bottom_divider_height_last_edited=&#8221;on|phone&#8221;][\/et_pb_section]<\/p>","protected":false},"excerpt":{"rendered":"<p>Do you have an invention or some new development to protect? We can analyse, explore existing patents and support you in getting your invention protected at the most reliable patent organisations.\u00a0Supporting you in establishing effective project management in new product development, margin improvement, achieving specific business objectives. Be it only to employ digital systems in [&hellip;]<\/p>","protected":false},"author":1,"featured_media":0,"parent":0,"menu_order":0,"comment_status":"closed","ping_status":"closed","template":"","meta":{"_et_pb_use_builder":"on","_et_pb_old_content":"<!-- wp:divi\/placeholder \/-->","_et_gb_content_width":""},"_links":{"self":[{"href":"https:\/\/dm-tec.eu\/de\/wp-json\/wp\/v2\/pages\/9139"}],"collection":[{"href":"https:\/\/dm-tec.eu\/de\/wp-json\/wp\/v2\/pages"}],"about":[{"href":"https:\/\/dm-tec.eu\/de\/wp-json\/wp\/v2\/types\/page"}],"author":[{"embeddable":true,"href":"https:\/\/dm-tec.eu\/de\/wp-json\/wp\/v2\/users\/1"}],"replies":[{"embeddable":true,"href":"https:\/\/dm-tec.eu\/de\/wp-json\/wp\/v2\/comments?post=9139"}],"version-history":[{"count":22,"href":"https:\/\/dm-tec.eu\/de\/wp-json\/wp\/v2\/pages\/9139\/revisions"}],"predecessor-version":[{"id":9296,"href":"https:\/\/dm-tec.eu\/de\/wp-json\/wp\/v2\/pages\/9139\/revisions\/9296"}],"wp:attachment":[{"href":"https:\/\/dm-tec.eu\/de\/wp-json\/wp\/v2\/media?parent=9139"}],"curies":[{"name":"wp","href":"https:\/\/api.w.org\/{rel}","templated":true}]}}